{"id":2,"date":"2026-03-02T22:57:40","date_gmt":"2026-03-02T22:57:40","guid":{"rendered":"https:\/\/cidjuridica.com\/?page_id=2"},"modified":"2026-03-05T14:37:15","modified_gmt":"2026-03-05T14:37:15","slug":"nosotros","status":"publish","type":"page","link":"https:\/\/cidjuridica.com\/index.php\/nosotros\/","title":{"rendered":"Nosotros"},"content":{"rendered":"<p>Somos un centro de pensamiento y defensa jur\u00eddicos cuya praxis es la acci\u00f3n cr\u00edtica y transformadora que tiene por objetivo defender a las v\u00edctimas en procesos administrativos, de mediaci\u00f3n o jurisdiccionales. Y de ser casos con potencial de cambio social, la utilizaci\u00f3n del litigio estrat\u00e9gico para intervenir las estructuras normativas e institucionales reorient\u00e1ndolas desde el sufrimiento de las v\u00edctimas, conforme al principio material de producci\u00f3n, reproducci\u00f3n y desarrollo de la vida humana.<\/p>\n<p>&nbsp;<\/p>\n","protected":false},"excerpt":{"rendered":"<p>Somos un centro de pensamiento y defensa jur\u00eddicos cuya praxis es la acci\u00f3n cr\u00edtica y transformadora que tiene por objetivo defender a las v\u00edctimas en procesos administrativos, de mediaci\u00f3n o jurisdiccionales. Y de ser casos con potencial de cambio social, la utilizaci\u00f3n del litigio estrat\u00e9gico para intervenir las estructuras normativas e institucionales reorient\u00e1ndolas desde el [&hellip;]<\/p>\n","protected":false},"author":1,"featured_media":0,"parent":0,"menu_order":0,"comment_status":"closed","ping_status":"closed","template":"","meta":{"footnotes":""},"class_list":["post-2","page","type-page","status-publish","hentry"],"_links":{"self":[{"href":"https:\/\/cidjuridica.com\/index.php\/wp-json\/wp\/v2\/pages\/2","targetHints":{"allow":["GET"]}}],"collection":[{"href":"https:\/\/cidjuridica.com\/index.php\/wp-json\/wp\/v2\/pages"}],"about":[{"href":"https:\/\/cidjuridica.com\/index.php\/wp-json\/wp\/v2\/types\/page"}],"author":[{"embeddable":true,"href":"https:\/\/cidjuridica.com\/index.php\/wp-json\/wp\/v2\/users\/1"}],"replies":[{"embeddable":true,"href":"https:\/\/cidjuridica.com\/index.php\/wp-json\/wp\/v2\/comments?post=2"}],"version-history":[{"count":4,"href":"https:\/\/cidjuridica.com\/index.php\/wp-json\/wp\/v2\/pages\/2\/revisions"}],"predecessor-version":[{"id":22,"href":"https:\/\/cidjuridica.com\/index.php\/wp-json\/wp\/v2\/pages\/2\/revisions\/22"}],"wp:attachment":[{"href":"https:\/\/cidjuridica.com\/index.php\/wp-json\/wp\/v2\/media?parent=2"}],"curies":[{"name":"wp","href":"https:\/\/api.w.org\/{rel}","templated":true}]}}